{"id":5350,"date":"2022-01-11T11:34:35","date_gmt":"2022-01-11T10:34:36","guid":{"rendered":"https:\/\/perrotte.fr\/?post_type=product&#038;p=5350"},"modified":"2022-01-11T11:37:27","modified_gmt":"2022-01-11T10:37:27","slug":"occhio","status":"publish","type":"product","link":"https:\/\/perrotte.fr\/en\/oeuvres\/occhio\/","title":{"rendered":"Occhio"},"content":{"rendered":"<p>[et_pb_section fb_built=&#8221;1&#8243; admin_label=&#8221;Header&#8221; _builder_version=&#8221;4.9.4&#8243; background_color=&#8221;#fcf9ec&#8221; custom_margin=&#8221;||||false&#8221; custom_padding=&#8221;15px||15px||true|false&#8221; locked=&#8221;off&#8221;][et_pb_row _builder_version=&#8221;4.2.2&#8243; locked=&#8221;off&#8221;][et_pb_column type=&#8221;4_4&#8243; _builder_version=&#8221;4.2.2&#8243;][et_pb_text _builder_version=&#8221;4.9.4&#8243; text_font=&#8221;Oswald|600|||||||&#8221; text_font_size=&#8221;22px&#8221; text_line_height=&#8221;1.6em&#8221; header_font=&#8221;Chonburi||||||||&#8221; header_font_size=&#8221;120px&#8221; custom_margin=&#8221;||0px||false|false&#8221; header_font_size_tablet=&#8221;80px&#8221; header_font_size_phone=&#8221;60px&#8221; header_font_size_last_edited=&#8221;on|phone&#8221; header_text_shadow_style=&#8221;preset5&#8243; header_text_shadow_horizontal_length=&#8221;0.05em&#8221; header_text_shadow_vertical_length=&#8221;0.05em&#8221; header_text_shadow_color=&#8221;#FFFFFF&#8221; locked=&#8221;off&#8221; header_text_color__hover_enabled=&#8221;off|desktop&#8221;]<\/p>\n<h1>Works<\/h1>\n<p>Joy, poetry, serenity &#8230; Discover Perrotte&#8217;s emotional painting.[\/et_pb_text][\/et_pb_column][\/et_pb_row][\/et_pb_section][et_pb_section fb_built=&#8221;1&#8243; admin_label=&#8221;Articles&#8221; _builder_version=&#8221;4.9.4&#8243; background_color=&#8221;#fcf9ec&#8221; background_image=&#8221;https:\/\/perrotte.fr\/wp-content\/uploads\/2021\/06\/model-cv-28.png&#8221; background_size=&#8221;contain&#8221; background_position=&#8221;top_right&#8221; custom_margin=&#8221;0px||||false|false&#8221; custom_padding=&#8221;0px||||false|false&#8221; locked=&#8221;off&#8221;][et_pb_row column_structure=&#8221;2_3,1_3&#8243; use_custom_gutter=&#8221;on&#8221; gutter_width=&#8221;2&#8243; custom_padding_last_edited=&#8221;on|phone&#8221; _builder_version=&#8221;4.9.4&#8243; width=&#8221;100%&#8221; width_tablet=&#8221;&#8221; width_phone=&#8221;100%&#8221; width_last_edited=&#8221;on|phone&#8221; custom_padding=&#8221;0px||0px|||&#8221; custom_padding_tablet=&#8221;&#8221; custom_padding_phone=&#8221;0px|10px|0px|10px|false|true&#8221; box_shadow_style=&#8221;preset4&#8243; box_shadow_horizontal=&#8221;-30vw&#8221; box_shadow_vertical=&#8221;0px&#8221; box_shadow_color=&#8221;#242018&#8243; box_shadow_horizontal_tablet=&#8221;0px&#8221; box_shadow_horizontal_phone=&#8221;&#8221; box_shadow_horizontal_last_edited=&#8221;on|tablet&#8221; locked=&#8221;off&#8221;][et_pb_column type=&#8221;2_3&#8243; _builder_version=&#8221;4.9.4&#8243; custom_padding_tablet=&#8221;&#8221; custom_padding_phone=&#8221;|5px||5px|false|true&#8221; custom_padding_last_edited=&#8221;on|phone&#8221;][et_pb_wc_images _builder_version=&#8221;4.9.4&#8243; box_shadow_style_image=&#8221;preset4&#8243; box_shadow_color_image=&#8221;#242018&#8243;][\/et_pb_wc_images][\/et_pb_column][et_pb_column type=&#8221;1_3&#8243; _builder_version=&#8221;4.9.4&#8243; custom_padding=&#8221;0px||||false|false&#8221; custom_padding_tablet=&#8221;0px||0px||true|false&#8221; custom_padding_phone=&#8221;|5px||5px|true|true&#8221; custom_padding_last_edited=&#8221;on|phone&#8221;][et_pb_wc_title _builder_version=&#8221;4.9.4&#8243; header_font=&#8221;Oswald|700||on|||||&#8221; header_font_size=&#8221;3vw&#8221; custom_margin=&#8221;||10px||false|false&#8221; header_text_shadow_style=&#8221;preset5&#8243; header_text_shadow_horizontal_length=&#8221;0.05em&#8221; header_text_shadow_vertical_length=&#8221;0.05em&#8221; header_text_shadow_color=&#8221;#FFFFFF&#8221;][\/et_pb_wc_title][et_pb_wc_meta show_sku=&#8221;off&#8221; _builder_version=&#8221;4.9.4&#8243; body_font=&#8221;Oswald|||on|||||&#8221; custom_margin=&#8221;||||false|false&#8221; custom_padding=&#8221;5px||||false|false&#8221; border_width_top=&#8221;1px&#8221; border_color_top=&#8221;#000000&#8243;][\/et_pb_wc_meta][et_pb_wc_description _builder_version=&#8221;4.9.4&#8243; _module_preset=&#8221;default&#8221; body_font=&#8221;|600|||||||&#8221;][\/et_pb_wc_description][et_pb_wc_price _builder_version=&#8221;4.9.4&#8243; _module_preset=&#8221;default&#8221; body_font=&#8221;Chonburi||||||||&#8221; body_font_size=&#8221;24px&#8221; text_orientation=&#8221;right&#8221; custom_margin=&#8221;0px||10px||false|false&#8221;][\/et_pb_wc_price][et_pb_image src=&#8221;https:\/\/perrotte.fr\/wp-content\/uploads\/2021\/06\/Signature-mini-Perrotte-peintre.png&#8221; title_text=&#8221;Signature-mini-Perrotte-peintre&#8221; align=&#8221;right&#8221; _builder_version=&#8221;4.9.4&#8243; _module_preset=&#8221;default&#8221; max_width=&#8221;20%&#8221; custom_margin=&#8221;0px||||false|false&#8221; custom_padding=&#8221;0px||||false|false&#8221;][\/et_pb_image][et_pb_wc_add_to_cart show_quantity=&#8221;off&#8221; show_stock=&#8221;off&#8221; _builder_version=&#8221;4.9.4&#8243; fields_background_color=&#8221;RGBA(0,0,0,0)&#8221; fields_text_color=&#8221;#000000&#8243; fields_focus_background_color=&#8221;#000000&#8243; fields_focus_text_color=&#8221;#FFFFFF&#8221; dropdown_menus_background_color=&#8221;#242018&#8243; dropdown_menus_text_color=&#8221;#FFFFFF&#8221; dropdown_menus_focus_background_color=&#8221;#242018&#8243; dropdown_menus_focus_text_color=&#8221;#FFFFFF&#8221; dropdown_menus_custom_margin=&#8221;||||true|false&#8221; body_font=&#8221;Oswald|500||on|||||&#8221; body_text_color=&#8221;#000000&#8243; body_font_size=&#8221;16px&#8221; fields_font=&#8221;Oswald|||on|||||&#8221; dropdown_menus_font=&#8221;Oswald|600||on|||||&#8221; dropdown_menus_font_size=&#8221;14px&#8221; background_enable_color=&#8221;off&#8221; custom_button=&#8221;on&#8221; button_text_size=&#8221;20px&#8221; button_text_color=&#8221;#FFFFFF&#8221; button_bg_color=&#8221;#242018&#8243; button_border_width=&#8221;0px&#8221; button_border_color=&#8221;#000000&#8243; button_border_radius=&#8221;0px&#8221; button_font=&#8221;Oswald|||on|||||&#8221; button_use_icon=&#8221;off&#8221; text_orientation=&#8221;right&#8221; background_layout=&#8221;dark&#8221; custom_padding=&#8221;||||true|false&#8221;][\/et_pb_wc_add_to_cart][et_pb_wc_cart_notice _builder_version=&#8221;4.9.4&#8243; body_font=&#8221;Oswald|||on|||||&#8221; body_font_size=&#8221;16px&#8221; custom_button=&#8221;on&#8221; button_text_size=&#8221;18px&#8221; button_font=&#8221;Oswald||||||||&#8221; custom_padding=&#8221;15px|15px|15px|15px|true|false&#8221;][\/et_pb_wc_cart_notice][et_pb_button button_text=&#8221;Learn more&#8221; button_alignment=&#8221;right&#8221; _builder_version=&#8221;4.9.4&#8243; custom_button=&#8221;on&#8221; button_bg_color=&#8221;#242018&#8243; button_border_width=&#8221;0px&#8221; button_border_radius=&#8221;0px&#8221; button_font=&#8221;Oswald|600||on|||||&#8221; button_use_icon=&#8221;off&#8221; background_layout=&#8221;dark&#8221; custom_margin=&#8221;||-1px||false|false&#8221; locked=&#8221;off&#8221;][\/et_pb_button][et_pb_wc_additional_info show_title=&#8221;off&#8221; _builder_version=&#8221;4.9.4&#8243; _module_preset=&#8221;default&#8221; body_font=&#8221;||||||||&#8221; header_font=&#8221;Oswald|||on|||||&#8221; header_font_size=&#8221;20px&#8221; attribute_font=&#8221;Oswald|||on|||||&#8221; attribute_text_color=&#8221;#000000&#8243; attribute_line_height=&#8221;1em&#8221; custom_margin=&#8221;0px||0px||false|false&#8221; custom_padding=&#8221;0px||0px||false|false&#8221; border_width_all=&#8221;1px&#8221;][\/et_pb_wc_additional_info][et_pb_button button_url=&#8221;mailto:contact@perrotte.fr&#8221; button_text=&#8221;Contact&#8221; button_alignment=&#8221;left&#8221; _builder_version=&#8221;4.9.4&#8243; custom_button=&#8221;on&#8221; button_bg_color=&#8221;#242018&#8243; button_border_width=&#8221;0px&#8221; button_border_radius=&#8221;0px&#8221; button_font=&#8221;Oswald|600||on|||||&#8221; button_use_icon=&#8221;off&#8221; background_layout=&#8221;dark&#8221; custom_margin=&#8221;||-1px||false|false&#8221; locked=&#8221;off&#8221;][\/et_pb_button][\/et_pb_column][\/et_pb_row][\/et_pb_section][et_pb_section fb_built=&#8221;1&#8243; disabled_on=&#8221;off|off|off&#8221; admin_label=&#8221;Footer&#8221; _builder_version=&#8221;4.9.4&#8243; background_color=&#8221;#242018&#8243; custom_padding=&#8221;0px||0px||false|false&#8221; saved_tabs=&#8221;all&#8221; locked=&#8221;off&#8221;][et_pb_row column_structure=&#8221;2_3,1_3&#8243; use_custom_gutter=&#8221;on&#8221; gutter_width=&#8221;1&#8243; _builder_version=&#8221;4.9.4&#8243; background_color=&#8221;#fcf9ec&#8221; width=&#8221;90%&#8221; max_width=&#8221;100%&#8221; module_alignment=&#8221;right&#8221; custom_padding=&#8221;0px||40px||false|false&#8221;][et_pb_column type=&#8221;2_3&#8243; _builder_version=&#8221;4.9.4&#8243; background_image=&#8221;https:\/\/perrotte.fr\/wp-content\/uploads\/2021\/06\/mise-situation1-perrotte-peintre.jpg&#8221; background_position=&#8221;center_left&#8221; custom_padding=&#8221;10px||30vw||false|false&#8221; custom_padding_tablet=&#8221;20px|30px||30px|false|true&#8221; custom_padding_phone=&#8221;|20px||20px|false|true&#8221; custom_padding_last_edited=&#8221;on|desktop&#8221;][et_pb_text _builder_version=&#8221;4.9.4&#8243; header_2_font=&#8221;Oswald|700||on|||||&#8221; header_2_text_align=&#8221;left&#8221; header_2_font_size=&#8221;12vw&#8221; transform_scale_tablet=&#8221;&#8221; transform_scale_phone=&#8221;&#8221; transform_scale_last_edited=&#8221;on|tablet&#8221; transform_translate=&#8221;18vw|0px&#8221; transform_translate_tablet=&#8221;0px|0px&#8221; transform_translate_phone=&#8221;&#8221; transform_translate_last_edited=&#8221;on|tablet&#8221; transform_translate_linked=&#8221;off&#8221; transform_rotate=&#8221;0deg|0deg|-90deg&#8221; transform_rotate_tablet=&#8221;0deg|0deg|0deg&#8221; transform_rotate_phone=&#8221;&#8221; transform_rotate_last_edited=&#8221;on|phone&#8221; transform_skew_tablet=&#8221;&#8221; transform_skew_phone=&#8221;&#8221; transform_skew_last_edited=&#8221;on|tablet&#8221; transform_origin=&#8221;15%|150%&#8221; transform_origin_tablet=&#8221;&#8221; transform_origin_phone=&#8221;&#8221; transform_origin_last_edited=&#8221;on|tablet&#8221; transform_styles_last_edited=&#8221;on|phone&#8221; background_layout=&#8221;dark&#8221; header_2_font_size_tablet=&#8221;100px&#8221; header_2_font_size_phone=&#8221;60px&#8221; header_2_font_size_last_edited=&#8221;on|desktop&#8221; transform_styles_tablet=&#8221;&#8221; transform_styles_phone=&#8221;&#8221; locked=&#8221;off&#8221;]<\/p>\n<h2>In<br \/>\nsitu<\/h2>\n<p>[\/et_pb_text][\/et_pb_column][et_pb_column type=&#8221;1_3&#8243; _builder_version=&#8221;4.9.4&#8243;][et_pb_image src=&#8221;https:\/\/perrotte.fr\/wp-content\/uploads\/2021\/06\/in-situ1-perrotte-peintre.jpg&#8221; title_text=&#8221;in-situ1-perrotte-peintre&#8221; _builder_version=&#8221;4.9.4&#8243; max_height_tablet=&#8221;600px&#8221; max_height_phone=&#8221;&#8221; max_height_last_edited=&#8221;on|tablet&#8221;][\/et_pb_image][et_pb_button button_url=&#8221;@ET-DC@eyJkeW5hbWljIjp0cnVlLCJjb250ZW50IjoicG9zdF9saW5rX3VybF9wYWdlIiwic2V0dGluZ3MiOnsicG9zdF9pZCI6IjMwOCJ9fQ==@&#8221; button_text=&#8221;Perrotte in your home&#8221; button_alignment=&#8221;left&#8221; _builder_version=&#8221;4.9.4&#8243; _dynamic_attributes=&#8221;button_url&#8221; custom_button=&#8221;on&#8221; button_bg_color=&#8221;#242018&#8243; button_border_width=&#8221;0px&#8221; button_border_radius=&#8221;0px&#8221; button_font=&#8221;Oswald|600||on|||||&#8221; button_use_icon=&#8221;off&#8221; background_layout=&#8221;dark&#8221; custom_margin=&#8221;||-1px||false|false&#8221; locked=&#8221;off&#8221;][\/et_pb_button][\/et_pb_column][\/et_pb_row][\/et_pb_section]<\/p>\n","protected":false},"excerpt":{"rendered":"<p>[et_pb_section fb_built=&#8221;1&#8243; admin_label=&#8221;Header&#8221; _builder_version=&#8221;4.9.4&#8243; background_color=&#8221;#fcf9ec&#8221; custom_margin=&#8221;||||false&#8221; custom_padding=&#8221;15px||15px||true|false&#8221; locked=&#8221;off&#8221;][et_pb_row _builder_version=&#8221;4.2.2&#8243; locked=&#8221;off&#8221;][et_pb_column type=&#8221;4_4&#8243; _builder_version=&#8221;4.2.2&#8243;][et_pb_text _builder_version=&#8221;4.9.4&#8243; text_font=&#8221;Oswald|600|||||||&#8221; text_font_size=&#8221;22px&#8221; text_line_height=&#8221;1.6em&#8221; header_font=&#8221;Chonburi||||||||&#8221; header_font_size=&#8221;120px&#8221; custom_margin=&#8221;||0px||false|false&#8221; header_font_size_tablet=&#8221;80px&#8221; header_font_size_phone=&#8221;60px&#8221; header_font_size_last_edited=&#8221;on|phone&#8221; header_text_shadow_style=&#8221;preset5&#8243; header_text_shadow_horizontal_length=&#8221;0.05em&#8221; header_text_shadow_vertical_length=&#8221;0.05em&#8221; header_text_shadow_color=&#8221;#FFFFFF&#8221; locked=&#8221;off&#8221; header_text_color__hover_enabled=&#8221;off|desktop&#8221;] Works Joy, poetry, serenity &#8230; Discover Perrotte&#8217;s emotional painting.[\/et_pb_text][\/et_pb_column][\/et_pb_row][\/et_pb_section][et_pb_section fb_built=&#8221;1&#8243; admin_label=&#8221;Articles&#8221; _builder_version=&#8221;4.9.4&#8243; background_color=&#8221;#fcf9ec&#8221; background_image=&#8221;https:\/\/perrotte.fr\/wp-content\/uploads\/2021\/06\/model-cv-28.png&#8221; background_size=&#8221;contain&#8221; background_position=&#8221;top_right&#8221; custom_margin=&#8221;0px||||false|false&#8221; custom_padding=&#8221;0px||||false|false&#8221; locked=&#8221;off&#8221;][et_pb_row column_structure=&#8221;2_3,1_3&#8243; use_custom_gutter=&#8221;on&#8221; gutter_width=&#8221;2&#8243; custom_padding_last_edited=&#8221;on|phone&#8221; _builder_version=&#8221;4.9.4&#8243; width=&#8221;100%&#8221; width_tablet=&#8221;&#8221; width_phone=&#8221;100%&#8221; [&hellip;]<\/p>\n","protected":false},"featured_media":5184,"template":"","meta":{"_et_pb_use_builder":"on","_et_pb_old_content":"","_et_gb_content_width":""},"product_cat":[140],"product_tag":[],"class_list":{"0":"post-5350","1":"product","2":"type-product","3":"status-publish","4":"has-post-thumbnail","6":"product_cat-painted-canvases","8":"first","9":"instock","10":"sold-individually","11":"shipping-taxable","12":"purchasable","13":"product-type-variable"},"yoast_head":"<!-- This site is optimized with the Yoast SEO plugin v23.4 - https:\/\/yoast.com\/wordpress\/plugins\/seo\/ -->\n<title>Occhio - Perrotte - Artiste peintre<\/title>\n<meta name=\"description\" content=\"&quot;Mes peintures non figuratives retracent une r\u00e9flexion, un \u00e9moi, une \u00e9motion.&quot; D\u00e9couvrez mon univers\" \/>\n<meta name=\"robots\" content=\"index, follow, max-snippet:-1, max-image-preview:large, max-video-preview:-1\" \/>\n<link rel=\"canonical\" href=\"https:\/\/perrotte.fr\/en\/oeuvres\/occhio\/\" \/>\n<meta property=\"og:locale\" content=\"en_US\" \/>\n<meta property=\"og:type\" content=\"article\" \/>\n<meta property=\"og:title\" content=\"Occhio - Perrotte - Artiste peintre\" \/>\n<meta property=\"og:description\" content=\"&quot;Mes peintures non figuratives retracent une r\u00e9flexion, un \u00e9moi, une \u00e9motion.&quot; D\u00e9couvrez mon univers\" \/>\n<meta property=\"og:url\" content=\"https:\/\/perrotte.fr\/en\/oeuvres\/occhio\/\" \/>\n<meta property=\"og:site_name\" content=\"Perrotte\" \/>\n<meta property=\"article:modified_time\" content=\"2022-01-11T10:37:27+00:00\" \/>\n<meta property=\"og:image\" content=\"https:\/\/perrotte.fr\/wp-content\/uploads\/2022\/01\/OCCHIO-80X80-perrotte-peintre.jpg\" \/>\n\t<meta property=\"og:image:width\" content=\"1499\" \/>\n\t<meta property=\"og:image:height\" content=\"1500\" \/>\n\t<meta property=\"og:image:type\" content=\"image\/jpeg\" \/>\n<meta name=\"twitter:card\" content=\"summary_large_image\" \/>\n<meta name=\"twitter:label1\" content=\"Est. reading time\" \/>\n\t<meta name=\"twitter:data1\" content=\"6 minutes\" \/>\n<script type=\"application\/ld+json\" class=\"yoast-schema-graph\">{\"@context\":\"https:\/\/schema.org\",\"@graph\":[{\"@type\":\"WebPage\",\"@id\":\"https:\/\/perrotte.fr\/en\/oeuvres\/occhio\/\",\"url\":\"https:\/\/perrotte.fr\/en\/oeuvres\/occhio\/\",\"name\":\"Occhio - Perrotte - Artiste peintre\",\"isPartOf\":{\"@id\":\"https:\/\/perrotte.fr\/#website\"},\"primaryImageOfPage\":{\"@id\":\"https:\/\/perrotte.fr\/en\/oeuvres\/occhio\/#primaryimage\"},\"image\":{\"@id\":\"https:\/\/perrotte.fr\/en\/oeuvres\/occhio\/#primaryimage\"},\"thumbnailUrl\":\"https:\/\/perrotte.fr\/wp-content\/uploads\/2022\/01\/OCCHIO-80X80-perrotte-peintre.jpg\",\"datePublished\":\"2022-01-11T10:34:36+00:00\",\"dateModified\":\"2022-01-11T10:37:27+00:00\",\"description\":\"\\\"Mes peintures non figuratives retracent une r\u00e9flexion, un \u00e9moi, une \u00e9motion.\\\" D\u00e9couvrez mon univers\",\"breadcrumb\":{\"@id\":\"https:\/\/perrotte.fr\/en\/oeuvres\/occhio\/#breadcrumb\"},\"inLanguage\":\"en-US\",\"potentialAction\":[{\"@type\":\"ReadAction\",\"target\":[\"https:\/\/perrotte.fr\/en\/oeuvres\/occhio\/\"]}]},{\"@type\":\"ImageObject\",\"inLanguage\":\"en-US\",\"@id\":\"https:\/\/perrotte.fr\/en\/oeuvres\/occhio\/#primaryimage\",\"url\":\"https:\/\/perrotte.fr\/wp-content\/uploads\/2022\/01\/OCCHIO-80X80-perrotte-peintre.jpg\",\"contentUrl\":\"https:\/\/perrotte.fr\/wp-content\/uploads\/2022\/01\/OCCHIO-80X80-perrotte-peintre.jpg\",\"width\":1499,\"height\":1500},{\"@type\":\"BreadcrumbList\",\"@id\":\"https:\/\/perrotte.fr\/en\/oeuvres\/occhio\/#breadcrumb\",\"itemListElement\":[{\"@type\":\"ListItem\",\"position\":1,\"name\":\"Accueil\",\"item\":\"https:\/\/perrotte.fr\/en\/home\/\"},{\"@type\":\"ListItem\",\"position\":2,\"name\":\"Works\",\"item\":\"https:\/\/perrotte.fr\/en\/works\/\"},{\"@type\":\"ListItem\",\"position\":3,\"name\":\"Occhio\"}]},{\"@type\":\"WebSite\",\"@id\":\"https:\/\/perrotte.fr\/#website\",\"url\":\"https:\/\/perrotte.fr\/\",\"name\":\"Perrotte - Artiste peintre\",\"description\":\"Artiste peintre\",\"publisher\":{\"@id\":\"https:\/\/perrotte.fr\/#\/schema\/person\/0730f5d45e990239482446bfb08f3ba2\"},\"potentialAction\":[{\"@type\":\"SearchAction\",\"target\":{\"@type\":\"EntryPoint\",\"urlTemplate\":\"https:\/\/perrotte.fr\/?s={search_term_string}\"},\"query-input\":{\"@type\":\"PropertyValueSpecification\",\"valueRequired\":true,\"valueName\":\"search_term_string\"}}],\"inLanguage\":\"en-US\"},{\"@type\":[\"Person\",\"Organization\"],\"@id\":\"https:\/\/perrotte.fr\/#\/schema\/person\/0730f5d45e990239482446bfb08f3ba2\",\"name\":\"Perrotte\",\"image\":{\"@type\":\"ImageObject\",\"inLanguage\":\"en-US\",\"@id\":\"https:\/\/perrotte.fr\/#\/schema\/person\/image\/\",\"url\":\"https:\/\/perrotte.fr\/wp-content\/uploads\/2021\/06\/Signature-mini-Perrotte-peintre.png\",\"contentUrl\":\"https:\/\/perrotte.fr\/wp-content\/uploads\/2021\/06\/Signature-mini-Perrotte-peintre.png\",\"width\":150,\"height\":52,\"caption\":\"Perrotte\"},\"logo\":{\"@id\":\"https:\/\/perrotte.fr\/#\/schema\/person\/image\/\"}}]}<\/script>\n<!-- \/ Yoast SEO plugin. -->","yoast_head_json":{"title":"Occhio - Perrotte - Artiste peintre","description":"\"Mes peintures non figuratives retracent une r\u00e9flexion, un \u00e9moi, une \u00e9motion.\" D\u00e9couvrez mon univers","robots":{"index":"index","follow":"follow","max-snippet":"max-snippet:-1","max-image-preview":"max-image-preview:large","max-video-preview":"max-video-preview:-1"},"canonical":"https:\/\/perrotte.fr\/en\/oeuvres\/occhio\/","og_locale":"en_US","og_type":"article","og_title":"Occhio - Perrotte - Artiste peintre","og_description":"\"Mes peintures non figuratives retracent une r\u00e9flexion, un \u00e9moi, une \u00e9motion.\" D\u00e9couvrez mon univers","og_url":"https:\/\/perrotte.fr\/en\/oeuvres\/occhio\/","og_site_name":"Perrotte","article_modified_time":"2022-01-11T10:37:27+00:00","og_image":[{"width":1499,"height":1500,"url":"https:\/\/perrotte.fr\/wp-content\/uploads\/2022\/01\/OCCHIO-80X80-perrotte-peintre.jpg","type":"image\/jpeg"}],"twitter_card":"summary_large_image","twitter_misc":{"Est. reading time":"6 minutes"},"schema":{"@context":"https:\/\/schema.org","@graph":[{"@type":"WebPage","@id":"https:\/\/perrotte.fr\/en\/oeuvres\/occhio\/","url":"https:\/\/perrotte.fr\/en\/oeuvres\/occhio\/","name":"Occhio - Perrotte - Artiste peintre","isPartOf":{"@id":"https:\/\/perrotte.fr\/#website"},"primaryImageOfPage":{"@id":"https:\/\/perrotte.fr\/en\/oeuvres\/occhio\/#primaryimage"},"image":{"@id":"https:\/\/perrotte.fr\/en\/oeuvres\/occhio\/#primaryimage"},"thumbnailUrl":"https:\/\/perrotte.fr\/wp-content\/uploads\/2022\/01\/OCCHIO-80X80-perrotte-peintre.jpg","datePublished":"2022-01-11T10:34:36+00:00","dateModified":"2022-01-11T10:37:27+00:00","description":"\"Mes peintures non figuratives retracent une r\u00e9flexion, un \u00e9moi, une \u00e9motion.\" D\u00e9couvrez mon univers","breadcrumb":{"@id":"https:\/\/perrotte.fr\/en\/oeuvres\/occhio\/#breadcrumb"},"inLanguage":"en-US","potentialAction":[{"@type":"ReadAction","target":["https:\/\/perrotte.fr\/en\/oeuvres\/occhio\/"]}]},{"@type":"ImageObject","inLanguage":"en-US","@id":"https:\/\/perrotte.fr\/en\/oeuvres\/occhio\/#primaryimage","url":"https:\/\/perrotte.fr\/wp-content\/uploads\/2022\/01\/OCCHIO-80X80-perrotte-peintre.jpg","contentUrl":"https:\/\/perrotte.fr\/wp-content\/uploads\/2022\/01\/OCCHIO-80X80-perrotte-peintre.jpg","width":1499,"height":1500},{"@type":"BreadcrumbList","@id":"https:\/\/perrotte.fr\/en\/oeuvres\/occhio\/#breadcrumb","itemListElement":[{"@type":"ListItem","position":1,"name":"Accueil","item":"https:\/\/perrotte.fr\/en\/home\/"},{"@type":"ListItem","position":2,"name":"Works","item":"https:\/\/perrotte.fr\/en\/works\/"},{"@type":"ListItem","position":3,"name":"Occhio"}]},{"@type":"WebSite","@id":"https:\/\/perrotte.fr\/#website","url":"https:\/\/perrotte.fr\/","name":"Perrotte - Artiste peintre","description":"Artiste peintre","publisher":{"@id":"https:\/\/perrotte.fr\/#\/schema\/person\/0730f5d45e990239482446bfb08f3ba2"},"potentialAction":[{"@type":"SearchAction","target":{"@type":"EntryPoint","urlTemplate":"https:\/\/perrotte.fr\/?s={search_term_string}"},"query-input":{"@type":"PropertyValueSpecification","valueRequired":true,"valueName":"search_term_string"}}],"inLanguage":"en-US"},{"@type":["Person","Organization"],"@id":"https:\/\/perrotte.fr\/#\/schema\/person\/0730f5d45e990239482446bfb08f3ba2","name":"Perrotte","image":{"@type":"ImageObject","inLanguage":"en-US","@id":"https:\/\/perrotte.fr\/#\/schema\/person\/image\/","url":"https:\/\/perrotte.fr\/wp-content\/uploads\/2021\/06\/Signature-mini-Perrotte-peintre.png","contentUrl":"https:\/\/perrotte.fr\/wp-content\/uploads\/2021\/06\/Signature-mini-Perrotte-peintre.png","width":150,"height":52,"caption":"Perrotte"},"logo":{"@id":"https:\/\/perrotte.fr\/#\/schema\/person\/image\/"}}]}},"_links":{"self":[{"href":"https:\/\/perrotte.fr\/en\/wp-json\/wp\/v2\/product\/5350"}],"collection":[{"href":"https:\/\/perrotte.fr\/en\/wp-json\/wp\/v2\/product"}],"about":[{"href":"https:\/\/perrotte.fr\/en\/wp-json\/wp\/v2\/types\/product"}],"wp:featuredmedia":[{"embeddable":true,"href":"https:\/\/perrotte.fr\/en\/wp-json\/wp\/v2\/media\/5184"}],"wp:attachment":[{"href":"https:\/\/perrotte.fr\/en\/wp-json\/wp\/v2\/media?parent=5350"}],"wp:term":[{"taxonomy":"product_cat","embeddable":true,"href":"https:\/\/perrotte.fr\/en\/wp-json\/wp\/v2\/product_cat?post=5350"},{"taxonomy":"product_tag","embeddable":true,"href":"https:\/\/perrotte.fr\/en\/wp-json\/wp\/v2\/product_tag?post=5350"}],"curies":[{"name":"wp","href":"https:\/\/api.w.org\/{rel}","templated":true}]}}